{"id":348,"date":"2024-11-21T09:10:27","date_gmt":"2024-11-21T09:10:27","guid":{"rendered":"https:\/\/tomvolf.com\/?page_id=348"},"modified":"2024-11-30T13:40:40","modified_gmt":"2024-11-30T13:40:40","slug":"institutionnel","status":"publish","type":"page","link":"https:\/\/tomvolf.com\/en\/institutionnel\/","title":{"rendered":"Institutional"},"content":{"rendered":"<div data-elementor-type=\"wp-page\" data-elementor-id=\"348\" class=\"elementor elementor-348\">\n\t\t\t\t<div class=\"elementor-element elementor-element-d4f6be4 e-flex e-con-boxed e-con e-parent\" data-id=\"d4f6be4\" data-element_type=\"container\" data-settings=\"{&quot;background_background&quot;:&quot;classic&quot;}\">\n\t\t\t\t\t<div class=\"e-con-inner\">\n\t\t\t\t<div class=\"elementor-element elementor-element-406ac87 elementor-widget elementor-widget-heading\" data-id=\"406ac87\" data-element_type=\"widget\" data-widget_type=\"heading.default\">\n\t\t\t\t<div class=\"elementor-widget-container\">\n\t\t\t\t\t<h2 class=\"elementor-heading-title elementor-size-default\">Tom Volf: Chairman of the Maria Callas Endowment Fund<\/h2>\t\t\t\t<\/div>\n\t\t\t\t<\/div>\n\t\t\t\t\t<\/div>\n\t\t\t\t<\/div>\n\t\t<div class=\"elementor-element elementor-element-2067b6d e-flex e-con-boxed e-con e-parent\" data-id=\"2067b6d\" data-element_type=\"container\">\n\t\t\t\t\t<div class=\"e-con-inner\">\n\t\t\t\t<div class=\"elementor-element elementor-element-3113ae5 elementor-widget elementor-widget-text-editor\" data-id=\"3113ae5\" data-element_type=\"widget\" data-widget_type=\"text-editor.default\">\n\t\t\t\t<div class=\"elementor-widget-container\">\n\t\t\t\t\t\t\t\t\t<p><span style=\"font-weight: 400;\">Through her work for Maria by Callas, <\/span><b>Tom Volf discovers unique documents on Maria Callas <\/b><span style=\"font-weight: 400;\">- Super 8 films, rare recordings, personal letters - entrusted to us by relatives and institutions, <\/span><b>as treasures to be passed on.\u00a0<\/b><\/p><p><span style=\"font-weight: 400;\">Aware of the importance of preserving and sharing this heritage for future generations,<\/span> <b>Tom founds the Maria Callas Endowment Fund.\u00a0<\/b><\/p><p><b>As Chairman, he is committed to preserving and disseminating the artistic and personal legacy of this icon,<\/b><span style=\"font-weight: 400;\"> ensuring that his aura continues to shine far beyond the stage.<\/span><\/p>\t\t\t\t\t\t\t\t<\/div>\n\t\t\t\t<\/div>\n\t\t\t\t\t<\/div>\n\t\t\t\t<\/div>\n\t\t<div class=\"elementor-element elementor-element-8ec9082 e-flex e-con-boxed e-con e-parent\" data-id=\"8ec9082\" data-element_type=\"container\" data-settings=\"{&quot;background_background&quot;:&quot;classic&quot;}\">\n\t\t\t\t\t<div class=\"e-con-inner\">\n\t\t\t\t<div class=\"elementor-element elementor-element-50f159a elementor-align-center elementor-widget elementor-widget-button\" data-id=\"50f159a\" data-element_type=\"widget\" data-widget_type=\"button.default\">\n\t\t\t\t<div class=\"elementor-widget-container\">\n\t\t\t\t\t\t\t\t\t<div class=\"elementor-button-wrapper\">\n\t\t\t\t\t<a class=\"elementor-button elementor-button-link elementor-size-sm\" href=\"https:\/\/www.mariacallas.fr\/fr\" target=\"_blank\">\n\t\t\t\t\t\t<span class=\"elementor-button-content-wrapper\">\n\t\t\t\t\t\t\t\t\t<span class=\"elementor-button-text\">Visit the Endowment Fund website<\/span>\n\t\t\t\t\t<\/span>\n\t\t\t\t\t<\/a>\n\t\t\t\t<\/div>\n\t\t\t\t\t\t\t\t<\/div>\n\t\t\t\t<\/div>\n\t\t\t\t\t<\/div>\n\t\t\t\t<\/div>\n\t\t<div class=\"elementor-element elementor-element-b9c1482 e-flex e-con-boxed e-con e-parent\" data-id=\"b9c1482\" data-element_type=\"container\">\n\t\t\t\t\t<div class=\"e-con-inner\">\n\t\t<div class=\"elementor-element elementor-element-4996a2d e-con-full e-flex e-con e-child\" data-id=\"4996a2d\" data-element_type=\"container\">\n\t\t<div class=\"elementor-element elementor-element-9de9af8 e-con-full e-flex e-con e-child\" data-id=\"9de9af8\" data-element_type=\"container\" data-settings=\"{&quot;background_background&quot;:&quot;classic&quot;}\">\n\t\t\t\t<div class=\"elementor-element elementor-element-eec3885 elementor-widget elementor-widget-heading\" data-id=\"eec3885\" data-element_type=\"widget\" data-widget_type=\"heading.default\">\n\t\t\t\t<div class=\"elementor-widget-container\">\n\t\t\t\t\t<h2 class=\"elementor-heading-title elementor-size-default\">2017 <\/h2>\t\t\t\t<\/div>\n\t\t\t\t<\/div>\n\t\t\t\t<\/div>\n\t\t<div class=\"elementor-element elementor-element-c24ff9b e-con-full e-flex e-con e-child\" data-id=\"c24ff9b\" data-element_type=\"container\">\n\t\t\t\t<div class=\"elementor-element elementor-element-4c6f64f elementor-widget elementor-widget-heading\" data-id=\"4c6f64f\" data-element_type=\"widget\" data-widget_type=\"heading.default\">\n\t\t\t\t<div class=\"elementor-widget-container\">\n\t\t\t\t\t<h2 class=\"elementor-heading-title elementor-size-default\">The Maria Callas Endowment Fund was created on the initiative of friends and family of the artist and her favourite conductor Georges Pr\u00eatre. It was decided to appoint Tom Volf as chairman alongside the founding members. \n<\/h2>\t\t\t\t<\/div>\n\t\t\t\t<\/div>\n\t\t\t\t<\/div>\n\t\t\t\t<\/div>\n\t\t<div class=\"elementor-element elementor-element-877e032 e-con-full e-flex e-con e-child\" data-id=\"877e032\" data-element_type=\"container\">\n\t\t<div class=\"elementor-element elementor-element-1e90ea8 e-con-full e-flex e-con e-child\" data-id=\"1e90ea8\" data-element_type=\"container\" data-settings=\"{&quot;background_background&quot;:&quot;classic&quot;}\">\n\t\t\t\t<div class=\"elementor-element elementor-element-4b0e5da elementor-widget elementor-widget-heading\" data-id=\"4b0e5da\" data-element_type=\"widget\" data-widget_type=\"heading.default\">\n\t\t\t\t<div class=\"elementor-widget-container\">\n\t\t\t\t\t<h2 class=\"elementor-heading-title elementor-size-default\">2017 - 2018<\/h2>\t\t\t\t<\/div>\n\t\t\t\t<\/div>\n\t\t\t\t<\/div>\n\t\t<div class=\"elementor-element elementor-element-1d997e9 e-con-full e-flex e-con e-child\" data-id=\"1d997e9\" data-element_type=\"container\">\n\t\t\t\t<div class=\"elementor-element elementor-element-6aa0a27 elementor-widget elementor-widget-heading\" data-id=\"6aa0a27\" data-element_type=\"widget\" data-widget_type=\"heading.default\">\n\t\t\t\t<div class=\"elementor-widget-container\">\n\t\t\t\t\t<h2 class=\"elementor-heading-title elementor-size-default\"> The Endowment Fund is presenting a new exhibition on the life of Maria Callas at La Seine Musicale in Paris. The exhibition offers innovative immersive experiences and has welcomed over thirty thousand visitors in three months. The exhibition will travel from Paris to Monaco, where it will be opened by HSH Prince Albert II. Tom Volf's first two books on Callas are published: Maria by Callas (\u00e9ditions Assouline), and Callas Confidential (\u00e9ditions La Martini\u00e8re).<\/h2>\t\t\t\t<\/div>\n\t\t\t\t<\/div>\n\t\t\t\t<\/div>\n\t\t\t\t<\/div>\n\t\t<div class=\"elementor-element elementor-element-ea7e37e e-con-full e-flex e-con e-child\" data-id=\"ea7e37e\" data-element_type=\"container\">\n\t\t<div class=\"elementor-element elementor-element-53ac248 e-con-full e-flex e-con e-child\" data-id=\"53ac248\" data-element_type=\"container\" data-settings=\"{&quot;background_background&quot;:&quot;classic&quot;}\">\n\t\t\t\t<div class=\"elementor-element elementor-element-5efe81c elementor-widget elementor-widget-heading\" data-id=\"5efe81c\" data-element_type=\"widget\" data-widget_type=\"heading.default\">\n\t\t\t\t<div class=\"elementor-widget-container\">\n\t\t\t\t\t<h2 class=\"elementor-heading-title elementor-size-default\">2019<\/h2>\t\t\t\t<\/div>\n\t\t\t\t<\/div>\n\t\t\t\t<\/div>\n\t\t<div class=\"elementor-element elementor-element-6b7bfec e-con-full e-flex e-con e-child\" data-id=\"6b7bfec\" data-element_type=\"container\">\n\t\t\t\t<div class=\"elementor-element elementor-element-cb35bff elementor-widget elementor-widget-heading\" data-id=\"cb35bff\" data-element_type=\"widget\" data-widget_type=\"heading.default\">\n\t\t\t\t<div class=\"elementor-widget-container\">\n\t\t\t\t\t<h2 class=\"elementor-heading-title elementor-size-default\">Tom Volf has published his third book, \"Maria Callas: Lettres &amp; M\u00e9moires\" (Albin Michel).\n<\/h2>\t\t\t\t<\/div>\n\t\t\t\t<\/div>\n\t\t\t\t<\/div>\n\t\t\t\t<\/div>\n\t\t<div class=\"elementor-element elementor-element-3acbfa9 e-con-full e-flex e-con e-child\" data-id=\"3acbfa9\" data-element_type=\"container\">\n\t\t<div class=\"elementor-element elementor-element-2cb6da7 e-con-full e-flex e-con e-child\" data-id=\"2cb6da7\" data-element_type=\"container\" data-settings=\"{&quot;background_background&quot;:&quot;classic&quot;}\">\n\t\t\t\t<div class=\"elementor-element elementor-element-e88aadf elementor-widget elementor-widget-heading\" data-id=\"e88aadf\" data-element_type=\"widget\" data-widget_type=\"heading.default\">\n\t\t\t\t<div class=\"elementor-widget-container\">\n\t\t\t\t\t<h2 class=\"elementor-heading-title elementor-size-default\">2019 - 2023<\/h2>\t\t\t\t<\/div>\n\t\t\t\t<\/div>\n\t\t\t\t<\/div>\n\t\t<div class=\"elementor-element elementor-element-e593be4 e-con-full e-flex e-con e-child\" data-id=\"e593be4\" data-element_type=\"container\">\n\t\t\t\t<div class=\"elementor-element elementor-element-e7a24dd elementor-widget elementor-widget-heading\" data-id=\"e7a24dd\" data-element_type=\"widget\" data-widget_type=\"heading.default\">\n\t\t\t\t<div class=\"elementor-widget-container\">\n\t\t\t\t\t<h2 class=\"elementor-heading-title elementor-size-default\">A theatrical production adapted from the book Maria Callas: Lettres &amp; M\u00e9moires premiered with Monica Bellucci in Paris at the Th\u00e9atre Marigny. The show has been presented in the United States, Greece, Italy, the United Kingdom, Spain and Turkey.\n<\/h2>\t\t\t\t<\/div>\n\t\t\t\t<\/div>\n\t\t\t\t<\/div>\n\t\t\t\t<\/div>\n\t\t<div class=\"elementor-element elementor-element-ccf1f10 e-con-full e-flex e-con e-child\" data-id=\"ccf1f10\" data-element_type=\"container\">\n\t\t<div class=\"elementor-element elementor-element-bb4a895 e-con-full e-flex e-con e-child\" data-id=\"bb4a895\" data-element_type=\"container\" data-settings=\"{&quot;background_background&quot;:&quot;classic&quot;}\">\n\t\t\t\t<div class=\"elementor-element elementor-element-d2bb474 elementor-widget elementor-widget-heading\" data-id=\"d2bb474\" data-element_type=\"widget\" data-widget_type=\"heading.default\">\n\t\t\t\t<div class=\"elementor-widget-container\">\n\t\t\t\t\t<h2 class=\"elementor-heading-title elementor-size-default\">2022<\/h2>\t\t\t\t<\/div>\n\t\t\t\t<\/div>\n\t\t\t\t<\/div>\n\t\t<div class=\"elementor-element elementor-element-2f90848 e-con-full e-flex e-con e-child\" data-id=\"2f90848\" data-element_type=\"container\">\n\t\t\t\t<div class=\"elementor-element elementor-element-5d55414 elementor-widget elementor-widget-heading\" data-id=\"5d55414\" data-element_type=\"widget\" data-widget_type=\"heading.default\">\n\t\t\t\t<div class=\"elementor-widget-container\">\n\t\t\t\t\t<h2 class=\"elementor-heading-title elementor-size-default\">The Maria Callas Endowment Fund joins the European Music Centre, Europe's largest network for music.\n<\/h2>\t\t\t\t<\/div>\n\t\t\t\t<\/div>\n\t\t\t\t<\/div>\n\t\t\t\t<\/div>\n\t\t<div class=\"elementor-element elementor-element-fb55f80 e-con-full e-flex e-con e-child\" data-id=\"fb55f80\" data-element_type=\"container\">\n\t\t<div class=\"elementor-element elementor-element-b8172ba e-con-full e-flex e-con e-child\" data-id=\"b8172ba\" data-element_type=\"container\" data-settings=\"{&quot;background_background&quot;:&quot;classic&quot;}\">\n\t\t\t\t<div class=\"elementor-element elementor-element-32645ce elementor-widget elementor-widget-heading\" data-id=\"32645ce\" data-element_type=\"widget\" data-widget_type=\"heading.default\">\n\t\t\t\t<div class=\"elementor-widget-container\">\n\t\t\t\t\t<h2 class=\"elementor-heading-title elementor-size-default\">2023<\/h2>\t\t\t\t<\/div>\n\t\t\t\t<\/div>\n\t\t\t\t<\/div>\n\t\t<div class=\"elementor-element elementor-element-de1ccca e-con-full e-flex e-con e-child\" data-id=\"de1ccca\" data-element_type=\"container\">\n\t\t\t\t<div class=\"elementor-element elementor-element-21433f9 elementor-widget elementor-widget-heading\" data-id=\"21433f9\" data-element_type=\"widget\" data-widget_type=\"heading.default\">\n\t\t\t\t<div class=\"elementor-widget-container\">\n\t\t\t\t\t<h2 class=\"elementor-heading-title elementor-size-default\">The Maria Callas Endowment Fund is celebrating the artist's centenary with a number of events and the cinema release of the film \"Callas, Paris 1958\", restored using master tapes from the archives.\n<\/h2>\t\t\t\t<\/div>\n\t\t\t\t<\/div>\n\t\t\t\t<\/div>\n\t\t\t\t<\/div>\n\t\t\t\t\t<\/div>\n\t\t\t\t<\/div>\n\t\t<div class=\"elementor-element elementor-element-cc7e71f e-flex e-con-boxed e-con e-parent\" data-id=\"cc7e71f\" data-element_type=\"container\" data-settings=\"{&quot;background_background&quot;:&quot;classic&quot;}\">\n\t\t\t\t\t<div class=\"e-con-inner\">\n\t\t\t\t<div class=\"elementor-element elementor-element-11a5e75 elementor-align-center elementor-widget elementor-widget-button\" data-id=\"11a5e75\" data-element_type=\"widget\" data-widget_type=\"button.default\">\n\t\t\t\t<div class=\"elementor-widget-container\">\n\t\t\t\t\t\t\t\t\t<div class=\"elementor-button-wrapper\">\n\t\t\t\t\t<a class=\"elementor-button elementor-button-link elementor-size-sm\" href=\"https:\/\/donorbox.org\/preserver-l-heritage-de-maria-callas\" target=\"_blank\">\n\t\t\t\t\t\t<span class=\"elementor-button-content-wrapper\">\n\t\t\t\t\t\t\t\t\t<span class=\"elementor-button-text\">Make a donation<\/span>\n\t\t\t\t\t<\/span>\n\t\t\t\t\t<\/a>\n\t\t\t\t<\/div>\n\t\t\t\t\t\t\t\t<\/div>\n\t\t\t\t<\/div>\n\t\t\t\t\t<\/div>\n\t\t\t\t<\/div>\n\t\t<div class=\"elementor-element elementor-element-0bcaee5 e-flex e-con-boxed e-con e-parent\" data-id=\"0bcaee5\" data-element_type=\"container\">\n\t\t\t\t\t<div class=\"e-con-inner\">\n\t\t\t\t<div class=\"elementor-element elementor-element-e9c2d8f elementor-widget-divider--view-line elementor-widget elementor-widget-divider\" data-id=\"e9c2d8f\" data-element_type=\"widget\" data-widget_type=\"divider.default\">\n\t\t\t\t<div class=\"elementor-widget-container\">\n\t\t\t\t\t\t\t<div class=\"elementor-divider\">\n\t\t\t<span class=\"elementor-divider-separator\">\n\t\t\t\t\t\t<\/span>\n\t\t<\/div>\n\t\t\t\t\t\t<\/div>\n\t\t\t\t<\/div>\n\t\t\t\t<div class=\"elementor-element elementor-element-86bc0ac elementor-shape-rounded elementor-grid-0 e-grid-align-center elementor-widget elementor-widget-social-icons\" data-id=\"86bc0ac\" data-element_type=\"widget\" data-widget_type=\"social-icons.default\">\n\t\t\t\t<div class=\"elementor-widget-container\">\n\t\t\t\t\t\t\t<div class=\"elementor-social-icons-wrapper elementor-grid\" role=\"list\">\n\t\t\t\t\t\t\t<span class=\"elementor-grid-item\" role=\"listitem\">\n\t\t\t\t\t<a class=\"elementor-icon elementor-social-icon elementor-social-icon-facebook elementor-repeater-item-c64ee5d\" target=\"_blank\">\n\t\t\t\t\t\t<span class=\"elementor-screen-only\">Facebook<\/span>\n\t\t\t\t\t\t<svg aria-hidden=\"true\" class=\"e-font-icon-svg e-fab-facebook\" viewbox=\"0 0 512 512\" xmlns=\"http:\/\/www.w3.org\/2000\/svg\"><path d=\"M504 256C504 119 393 8 256 8S8 119 8 256c0 123.78 90.69 226.38 209.25 245V327.69h-63V256h63v-54.64c0-62.15 37-96.48 93.67-96.48 27.14 0 55.52 4.84 55.52 4.84v61h-31.28c-30.8 0-40.41 19.12-40.41 38.73V256h68.78l-11 71.69h-57.78V501C413.31 482.38 504 379.78 504 256z\"><\/path><\/svg>\t\t\t\t\t<\/a>\n\t\t\t\t<\/span>\n\t\t\t\t\t\t\t<span class=\"elementor-grid-item\" role=\"listitem\">\n\t\t\t\t\t<a class=\"elementor-icon elementor-social-icon elementor-social-icon-twitter elementor-repeater-item-bdfbbcb\" target=\"_blank\">\n\t\t\t\t\t\t<span class=\"elementor-screen-only\">Twitter<\/span>\n\t\t\t\t\t\t<svg aria-hidden=\"true\" class=\"e-font-icon-svg e-fab-twitter\" viewbox=\"0 0 512 512\" xmlns=\"http:\/\/www.w3.org\/2000\/svg\"><path d=\"M459.37 151.716c.325 4.548.325 9.097.325 13.645 0 138.72-105.583 298.558-298.558 298.558-59.452 0-114.68-17.219-161.137-47.106 8.447.974 16.568 1.299 25.34 1.299 49.055 0 94.213-16.568 130.274-44.832-46.132-.975-84.792-31.188-98.112-72.772 6.498.974 12.995 1.624 19.818 1.624 9.421 0 18.843-1.3 27.614-3.573-48.081-9.747-84.143-51.98-84.143-102.985v-1.299c13.969 7.797 30.214 12.67 47.431 13.319-28.264-18.843-46.781-51.005-46.781-87.391 0-19.492 5.197-37.36 14.294-52.954 51.655 63.675 129.3 105.258 216.365 109.807-1.624-7.797-2.599-15.918-2.599-24.04 0-57.828 46.782-104.934 104.934-104.934 30.213 0 57.502 12.67 76.67 33.137 23.715-4.548 46.456-13.32 66.599-25.34-7.798 24.366-24.366 44.833-46.132 57.827 21.117-2.273 41.584-8.122 60.426-16.243-14.292 20.791-32.161 39.308-52.628 54.253z\"><\/path><\/svg>\t\t\t\t\t<\/a>\n\t\t\t\t<\/span>\n\t\t\t\t\t\t\t<span class=\"elementor-grid-item\" role=\"listitem\">\n\t\t\t\t\t<a class=\"elementor-icon elementor-social-icon elementor-social-icon-youtube elementor-repeater-item-27915ab\" target=\"_blank\">\n\t\t\t\t\t\t<span class=\"elementor-screen-only\">Youtube<\/span>\n\t\t\t\t\t\t<svg aria-hidden=\"true\" class=\"e-font-icon-svg e-fab-youtube\" viewbox=\"0 0 576 512\" xmlns=\"http:\/\/www.w3.org\/2000\/svg\"><path d=\"M549.655 124.083c-6.281-23.65-24.787-42.276-48.284-48.597C458.781 64 288 64 288 64S117.22 64 74.629 75.486c-23.497 6.322-42.003 24.947-48.284 48.597-11.412 42.867-11.412 132.305-11.412 132.305s0 89.438 11.412 132.305c6.281 23.65 24.787 41.5 48.284 47.821C117.22 448 288 448 288 448s170.78 0 213.371-11.486c23.497-6.321 42.003-24.171 48.284-47.821 11.412-42.867 11.412-132.305 11.412-132.305s0-89.438-11.412-132.305zm-317.51 213.508V175.185l142.739 81.205-142.739 81.201z\"><\/path><\/svg>\t\t\t\t\t<\/a>\n\t\t\t\t<\/span>\n\t\t\t\t\t<\/div>\n\t\t\t\t\t\t<\/div>\n\t\t\t\t<\/div>\n\t\t\t\t\t<\/div>\n\t\t\t\t<\/div>\n\t\t\t\t<\/div>","protected":false},"excerpt":{"rendered":"<p>Tom Volf : pr\u00e9sident du fonds de Dotation Maria Callas \u00c0 travers son travail pour Maria by Callas, Tom Volf d\u00e9couvre des documents uniques sur Maria Callas \u2014 films Super 8, enregistrements rares, lettres personnelles \u2014 confi\u00e9s par des proches et des institutions, comme des tr\u00e9sors \u00e0 transmettre.\u00a0 Conscient de l&rsquo;importance de pr\u00e9server et de [&hellip;]<\/p>","protected":false},"author":1,"featured_media":0,"parent":0,"menu_order":0,"comment_status":"closed","ping_status":"closed","template":"","meta":{"_acf_changed":false,"footnotes":""},"class_list":["post-348","page","type-page","status-publish","hentry"],"acf":[],"_links":{"self":[{"href":"https:\/\/tomvolf.com\/en\/wp-json\/wp\/v2\/pages\/348","targetHints":{"allow":["GET"]}}],"collection":[{"href":"https:\/\/tomvolf.com\/en\/wp-json\/wp\/v2\/pages"}],"about":[{"href":"https:\/\/tomvolf.com\/en\/wp-json\/wp\/v2\/types\/page"}],"author":[{"embeddable":true,"href":"https:\/\/tomvolf.com\/en\/wp-json\/wp\/v2\/users\/1"}],"replies":[{"embeddable":true,"href":"https:\/\/tomvolf.com\/en\/wp-json\/wp\/v2\/comments?post=348"}],"version-history":[{"count":88,"href":"https:\/\/tomvolf.com\/en\/wp-json\/wp\/v2\/pages\/348\/revisions"}],"predecessor-version":[{"id":1060,"href":"https:\/\/tomvolf.com\/en\/wp-json\/wp\/v2\/pages\/348\/revisions\/1060"}],"wp:attachment":[{"href":"https:\/\/tomvolf.com\/en\/wp-json\/wp\/v2\/media?parent=348"}],"curies":[{"name":"wp","href":"https:\/\/api.w.org\/{rel}","templated":true}]}}