{"id":182,"date":"2024-11-20T14:15:05","date_gmt":"2024-11-20T14:15:05","guid":{"rendered":"https:\/\/tomvolf.com\/?page_id=182"},"modified":"2024-11-30T13:37:57","modified_gmt":"2024-11-30T13:37:57","slug":"a-propos","status":"publish","type":"page","link":"https:\/\/tomvolf.com\/en\/a-propos\/","title":{"rendered":"a propos"},"content":{"rendered":"<div data-elementor-type=\"wp-page\" data-elementor-id=\"182\" class=\"elementor elementor-182\">\n\t\t\t\t<div class=\"elementor-element elementor-element-412155a e-flex e-con-boxed e-con e-parent\" data-id=\"412155a\" data-element_type=\"container\" data-settings=\"{&quot;background_background&quot;:&quot;classic&quot;}\">\n\t\t\t\t\t<div class=\"e-con-inner\">\n\t\t\t\t<div class=\"elementor-element elementor-element-ac5ac93 elementor-widget elementor-widget-heading\" data-id=\"ac5ac93\" data-element_type=\"widget\" data-widget_type=\"heading.default\">\n\t\t\t\t<div class=\"elementor-widget-container\">\n\t\t\t\t\t<h2 class=\"elementor-heading-title elementor-size-default\">Tom Volf : an artist at the crossroads of cinema, theatre and immersive art<\/h2>\t\t\t\t<\/div>\n\t\t\t\t<\/div>\n\t\t\t\t\t<\/div>\n\t\t\t\t<\/div>\n\t\t<div class=\"elementor-element elementor-element-ab751f0 e-flex e-con-boxed e-con e-parent\" data-id=\"ab751f0\" data-element_type=\"container\">\n\t\t\t\t\t<div class=\"e-con-inner\">\n\t\t\t\t<div class=\"elementor-element elementor-element-8243888 elementor-widget elementor-widget-text-editor\" data-id=\"8243888\" data-element_type=\"widget\" data-widget_type=\"text-editor.default\">\n\t\t\t\t<div class=\"elementor-widget-container\">\n\t\t\t\t\t\t\t\t\t<p><span style=\"font-weight: 400;\">Director and visual arts enthusiast Tom Volf has turned his creations into deeply moving works, combining cinema, theatre and immersive experiences. From his early years at <\/span><b>Th\u00e9\u00e2tre du Ch\u00e2telet in Paris<\/b><span style=\"font-weight: 400;\">He has distinguished himself by his ability to capture the essence of the greatest artistic productions, <\/span><b>working alongside international legends such as Placido Domingo and Sting<\/b><span style=\"font-weight: 400;\">. His recordings, which combine visual and musical art, have become benchmarks for those seeking to understand the magic and complexity of the world of opera and theatre.<\/span><\/p><p><b>A major turning point in his career came in 2013 when he discovered Maria Callas,<\/b><span style=\"font-weight: 400;\"> an encounter that would transform his artistic vision. Fascinated by this opera legend, he embarked on an unprecedented exploration of his life and legacy.<\/span><\/p><p><b>Maria by Callas, her critically acclaimed documentary film<\/b><span style=\"font-weight: 400;\">The film is the result of extensive research: five years of travel, unedited archive research and personal accounts. The film, acclaimed by audiences and critics alike, was shown in over 45 countries and won international awards. The same year, <\/span><b>Tom became the creator and curator of exhibitions dedicated to Maria Callas, offering the world rare and precious archives.<\/b><\/p><p><span style=\"font-weight: 400;\">At the same time, his pen has not been forgotten.<\/span><b> In 2019, he will publish Maria Callas: Lettres &amp; M\u00e9moires<\/b><span style=\"font-weight: 400;\">an anthology of the diva's correspondence and memoirs.<\/span><b> This book, which also doubles as a theatrical show<\/b><span style=\"font-weight: 400;\"> starring Monica Bellucci, was a huge international success. After a tour of Milan, Paris, New York and Athens, the project was exceptionally well received, and the audience was delighted. <\/span><b>Tom himself produced the visuals and photographs for the show, offering a unique insight into the actress and diva.<\/b><\/p><p><b>Tom Volf: a travelling artist<\/b><\/p><p><b>More than a director, Tom Volf is an explorer of artistic forms.<\/b><span style=\"font-weight: 400;\"> His creations, such as the immersive Maria by Callas exhibition or the JAM Capsules in Paris,<\/span><b> merge history, art and technology.<\/b><span style=\"font-weight: 400;\"> In a bold dialogue between past and present, he has given new life to forgotten artists, periods and places. His staging of Norma in 2023, a tribute to Maria Callas, at the Ancient Theatre of Herod Atticus in Athens, reinvents the staging of the famous work, and some critics see it as a \"new\" version of Norma.<\/span><b> a direct tribute to the productions of Luchino Visconti.\u00a0<\/b><\/p><p><b>At the end of 2023, he finalised a new project:<\/b><span style=\"font-weight: 400;\"> a restored film of Callas' legendary 1958 Paris performance, presented in colour for the first time.<\/span><\/p><p><span style=\"font-weight: 400;\">Tom Volf continues to explore the arts with<\/span><b> a unique vision and a deep commitment to cultural transmission.<\/b><span style=\"font-weight: 400;\"> His creations, driven by unrivalled passion and precision, appeal to an international audience, perpetuating the memory of artists and opening up new perspectives on artistic heritage.<\/span><\/p><p><b>In 2025, he will continue to thrill audiences with a film about V\u00e9ronique Sanson<\/b><span style=\"font-weight: 400;\">a poignant project that promises to be another masterpiece, just like his forthcoming cultural projects.<\/span><\/p><p><span style=\"font-weight: 400;\">Through each of his creations, Tom Volf invites us to discover <\/span><b>a unique artistic world, where emotion, history and culture intertwine<\/b> <span style=\"font-weight: 400;\">in works that are both deeply human and masterfully crafted.<\/span><\/p>\t\t\t\t\t\t\t\t<\/div>\n\t\t\t\t<\/div>\n\t\t\t\t\t<\/div>\n\t\t\t\t<\/div>\n\t\t<div class=\"elementor-element elementor-element-ff95200 e-flex e-con-boxed e-con e-parent\" data-id=\"ff95200\" data-element_type=\"container\">\n\t\t\t\t\t<div class=\"e-con-inner\">\n\t\t\t\t<div class=\"elementor-element elementor-element-c59f7d1 elementor-widget elementor-widget-ucaddon_uc_compact_image_theme\" data-id=\"c59f7d1\" data-element_type=\"widget\" data-widget_type=\"ucaddon_uc_compact_image_theme.default\">\n\t\t\t\t<div class=\"elementor-widget-container\">\n\t\t\t\t\t\n<!-- start Compact Gallery -->\n\t\t<link id='unitegallery-css' href='https:\/\/tomvolf.com\/wp-content\/plugins\/unlimited-elements-for-elementor\/assets_libraries\/unitegallery\/css\/unite-gallery.css' type='text\/css' rel='stylesheet' >\n\n\n<div id=\"uc_uc_compact_image_theme_elementor_c59f7d1\" class=\"uc-items-wrapper\" style=\"display:none; margin:0 auto;\"  data-remote-type=\"gallery\" data-custom-sethtml=\"true\" >\n\n\n<img decoding=\"async\" alt=\"Copie de Screenshot_20241113_175119_Instagram\"\n   src=\"https:\/\/tomvolf.com\/wp-content\/uploads\/2024\/11\/Copie-de-Screenshot_20241113_175119_Instagram-768x759.jpg\"\n    data-image=\"https:\/\/tomvolf.com\/wp-content\/uploads\/2024\/11\/Copie-de-Screenshot_20241113_175119_Instagram-1024x1013.jpg\"\n    data-title=\"Copie de Screenshot_20241113_175119_Instagram\">\n\n<img decoding=\"async\" alt=\"Copie de Screenshot_20241113_175433_Instagram\"\n   src=\"https:\/\/tomvolf.com\/wp-content\/uploads\/2024\/11\/Copie-de-Screenshot_20241113_175433_Instagram-768x752.jpg\"\n    data-image=\"https:\/\/tomvolf.com\/wp-content\/uploads\/2024\/11\/Copie-de-Screenshot_20241113_175433_Instagram-1024x1002.jpg\"\n    data-title=\"Copie de Screenshot_20241113_175433_Instagram\">\n\n<img decoding=\"async\" alt=\"Copie de gettyimages-886455068-612x612\"\n   src=\"https:\/\/tomvolf.com\/wp-content\/uploads\/2024\/11\/Copie-de-gettyimages-886455068-612x612-1.jpg\"\n    data-image=\"https:\/\/tomvolf.com\/wp-content\/uploads\/2024\/11\/Copie-de-gettyimages-886455068-612x612-1.jpg\"\n    data-title=\"Copie de gettyimages-886455068-612x612\">\n\n<img decoding=\"async\" alt=\"Copie de 416541013_1798261470603355_6400857653540590637_n\"\n   src=\"https:\/\/tomvolf.com\/wp-content\/uploads\/2024\/11\/Copie-de-416541013_1798261470603355_6400857653540590637_n-768x1024.jpg\"\n    data-image=\"https:\/\/tomvolf.com\/wp-content\/uploads\/2024\/11\/Copie-de-416541013_1798261470603355_6400857653540590637_n-768x1024.jpg\"\n    data-title=\"Copie de 416541013_1798261470603355_6400857653540590637_n\">\n\n<img decoding=\"async\" alt=\"Copie de 387754813_18389746606053847_2303628057676149092_n\"\n   src=\"https:\/\/tomvolf.com\/wp-content\/uploads\/2024\/11\/Copie-de-387754813_18389746606053847_2303628057676149092_n-768x768.jpg\"\n    data-image=\"https:\/\/tomvolf.com\/wp-content\/uploads\/2024\/11\/Copie-de-387754813_18389746606053847_2303628057676149092_n-1024x1024.jpg\"\n    data-title=\"Copie de 387754813_18389746606053847_2303628057676149092_n\">\n\n<img decoding=\"async\" alt=\"Copie de 328430096_3327393637574112_5977188694754378563_n\"\n   src=\"https:\/\/tomvolf.com\/wp-content\/uploads\/2024\/11\/Copie-de-328430096_3327393637574112_5977188694754378563_n.jpg\"\n    data-image=\"https:\/\/tomvolf.com\/wp-content\/uploads\/2024\/11\/Copie-de-328430096_3327393637574112_5977188694754378563_n.jpg\"\n    data-title=\"Copie de 328430096_3327393637574112_5977188694754378563_n\">\n\n<img decoding=\"async\" alt=\"Copie de 242223600_10158240429541299_668073594712793135_n\"\n   src=\"https:\/\/tomvolf.com\/wp-content\/uploads\/2024\/11\/Copie-de-242223600_10158240429541299_668073594712793135_n.jpg\"\n    data-image=\"https:\/\/tomvolf.com\/wp-content\/uploads\/2024\/11\/Copie-de-242223600_10158240429541299_668073594712793135_n.jpg\"\n    data-title=\"Copie de 242223600_10158240429541299_668073594712793135_n\">\n\n<img decoding=\"async\" alt=\"Copie de 118579380_10159304642582241_4004874016013787311_n\"\n   src=\"https:\/\/tomvolf.com\/wp-content\/uploads\/2024\/11\/Copie-de-118579380_10159304642582241_4004874016013787311_n-768x429.jpg\"\n    data-image=\"https:\/\/tomvolf.com\/wp-content\/uploads\/2024\/11\/Copie-de-118579380_10159304642582241_4004874016013787311_n.jpg\"\n    data-title=\"Copie de 118579380_10159304642582241_4004874016013787311_n\">\n\n<img decoding=\"async\" alt=\"Copie de 71059687_10158441561677241_4145346501016551424_n\"\n   src=\"https:\/\/tomvolf.com\/wp-content\/uploads\/2024\/11\/Copie-de-71059687_10158441561677241_4145346501016551424_n.jpg\"\n    data-image=\"https:\/\/tomvolf.com\/wp-content\/uploads\/2024\/11\/Copie-de-71059687_10158441561677241_4145346501016551424_n.jpg\"\n    data-title=\"Copie de 71059687_10158441561677241_4145346501016551424_n\">\n\n<img decoding=\"async\" alt=\"Copie de 23334349_10155988701382241_3206350867937686558_o\"\n   src=\"https:\/\/tomvolf.com\/wp-content\/uploads\/2024\/11\/Copie-de-23334349_10155988701382241_3206350867937686558_o.jpg\"\n    data-image=\"https:\/\/tomvolf.com\/wp-content\/uploads\/2024\/11\/Copie-de-23334349_10155988701382241_3206350867937686558_o.jpg\"\n    data-title=\"Copie de 23334349_10155988701382241_3206350867937686558_o\">\n\n  \n<\/div>\n<!-- end Compact Gallery -->\t\t\t\t<\/div>\n\t\t\t\t<\/div>\n\t\t\t\t\t<\/div>\n\t\t\t\t<\/div>\n\t\t<div class=\"elementor-element elementor-element-70a59b0 e-flex e-con-boxed e-con e-parent\" data-id=\"70a59b0\" data-element_type=\"container\">\n\t\t\t\t\t<div class=\"e-con-inner\">\n\t\t\t\t<div class=\"elementor-element elementor-element-a0e79b0 elementor-widget-divider--view-line elementor-widget elementor-widget-divider\" data-id=\"a0e79b0\" data-element_type=\"widget\" data-widget_type=\"divider.default\">\n\t\t\t\t<div class=\"elementor-widget-container\">\n\t\t\t\t\t\t\t<div class=\"elementor-divider\">\n\t\t\t<span class=\"elementor-divider-separator\">\n\t\t\t\t\t\t<\/span>\n\t\t<\/div>\n\t\t\t\t\t\t<\/div>\n\t\t\t\t<\/div>\n\t\t\t\t<div class=\"elementor-element elementor-element-77a2d80 elementor-shape-rounded elementor-grid-0 e-grid-align-center elementor-widget elementor-widget-social-icons\" data-id=\"77a2d80\" data-element_type=\"widget\" data-widget_type=\"social-icons.default\">\n\t\t\t\t<div class=\"elementor-widget-container\">\n\t\t\t\t\t\t\t<div class=\"elementor-social-icons-wrapper elementor-grid\" role=\"list\">\n\t\t\t\t\t\t\t<span class=\"elementor-grid-item\" role=\"listitem\">\n\t\t\t\t\t<a class=\"elementor-icon elementor-social-icon elementor-social-icon-facebook elementor-repeater-item-c64ee5d\" href=\"https:\/\/www.facebook.com\/volftom\" target=\"_blank\">\n\t\t\t\t\t\t<span class=\"elementor-screen-only\">Facebook<\/span>\n\t\t\t\t\t\t<svg aria-hidden=\"true\" class=\"e-font-icon-svg e-fab-facebook\" viewbox=\"0 0 512 512\" xmlns=\"http:\/\/www.w3.org\/2000\/svg\"><path d=\"M504 256C504 119 393 8 256 8S8 119 8 256c0 123.78 90.69 226.38 209.25 245V327.69h-63V256h63v-54.64c0-62.15 37-96.48 93.67-96.48 27.14 0 55.52 4.84 55.52 4.84v61h-31.28c-30.8 0-40.41 19.12-40.41 38.73V256h68.78l-11 71.69h-57.78V501C413.31 482.38 504 379.78 504 256z\"><\/path><\/svg>\t\t\t\t\t<\/a>\n\t\t\t\t<\/span>\n\t\t\t\t\t\t\t<span class=\"elementor-grid-item\" role=\"listitem\">\n\t\t\t\t\t<a class=\"elementor-icon elementor-social-icon elementor-social-icon-twitter elementor-repeater-item-bdfbbcb\" href=\"https:\/\/www.instagram.com\/tomvolf\/\" target=\"_blank\">\n\t\t\t\t\t\t<span class=\"elementor-screen-only\">Twitter<\/span>\n\t\t\t\t\t\t<svg aria-hidden=\"true\" class=\"e-font-icon-svg e-fab-twitter\" viewbox=\"0 0 512 512\" xmlns=\"http:\/\/www.w3.org\/2000\/svg\"><path d=\"M459.37 151.716c.325 4.548.325 9.097.325 13.645 0 138.72-105.583 298.558-298.558 298.558-59.452 0-114.68-17.219-161.137-47.106 8.447.974 16.568 1.299 25.34 1.299 49.055 0 94.213-16.568 130.274-44.832-46.132-.975-84.792-31.188-98.112-72.772 6.498.974 12.995 1.624 19.818 1.624 9.421 0 18.843-1.3 27.614-3.573-48.081-9.747-84.143-51.98-84.143-102.985v-1.299c13.969 7.797 30.214 12.67 47.431 13.319-28.264-18.843-46.781-51.005-46.781-87.391 0-19.492 5.197-37.36 14.294-52.954 51.655 63.675 129.3 105.258 216.365 109.807-1.624-7.797-2.599-15.918-2.599-24.04 0-57.828 46.782-104.934 104.934-104.934 30.213 0 57.502 12.67 76.67 33.137 23.715-4.548 46.456-13.32 66.599-25.34-7.798 24.366-24.366 44.833-46.132 57.827 21.117-2.273 41.584-8.122 60.426-16.243-14.292 20.791-32.161 39.308-52.628 54.253z\"><\/path><\/svg>\t\t\t\t\t<\/a>\n\t\t\t\t<\/span>\n\t\t\t\t\t\t\t<span class=\"elementor-grid-item\" role=\"listitem\">\n\t\t\t\t\t<a class=\"elementor-icon elementor-social-icon elementor-social-icon-youtube elementor-repeater-item-27915ab\" href=\"https:\/\/youtube.com\/@tomvolfofficial?feature=shared\" target=\"_blank\">\n\t\t\t\t\t\t<span class=\"elementor-screen-only\">Youtube<\/span>\n\t\t\t\t\t\t<svg aria-hidden=\"true\" class=\"e-font-icon-svg e-fab-youtube\" viewbox=\"0 0 576 512\" xmlns=\"http:\/\/www.w3.org\/2000\/svg\"><path d=\"M549.655 124.083c-6.281-23.65-24.787-42.276-48.284-48.597C458.781 64 288 64 288 64S117.22 64 74.629 75.486c-23.497 6.322-42.003 24.947-48.284 48.597-11.412 42.867-11.412 132.305-11.412 132.305s0 89.438 11.412 132.305c6.281 23.65 24.787 41.5 48.284 47.821C117.22 448 288 448 288 448s170.78 0 213.371-11.486c23.497-6.321 42.003-24.171 48.284-47.821 11.412-42.867 11.412-132.305 11.412-132.305s0-89.438-11.412-132.305zm-317.51 213.508V175.185l142.739 81.205-142.739 81.201z\"><\/path><\/svg>\t\t\t\t\t<\/a>\n\t\t\t\t<\/span>\n\t\t\t\t\t<\/div>\n\t\t\t\t\t\t<\/div>\n\t\t\t\t<\/div>\n\t\t\t\t\t<\/div>\n\t\t\t\t<\/div>\n\t\t<div class=\"elementor-element elementor-element-265570d e-flex e-con-boxed e-con e-parent\" data-id=\"265570d\" data-element_type=\"container\">\n\t\t\t\t\t<div class=\"e-con-inner\">\n\t\t\t\t<div class=\"elementor-element elementor-element-f2a5527 elementor-widget elementor-widget-spacer\" data-id=\"f2a5527\" data-element_type=\"widget\" data-widget_type=\"spacer.default\">\n\t\t\t\t<div class=\"elementor-widget-container\">\n\t\t\t\t\t\t\t<div class=\"elementor-spacer\">\n\t\t\t<div class=\"elementor-spacer-inner\"><\/div>\n\t\t<\/div>\n\t\t\t\t\t\t<\/div>\n\t\t\t\t<\/div>\n\t\t\t\t\t<\/div>\n\t\t\t\t<\/div>\n\t\t\t\t<\/div>","protected":false},"excerpt":{"rendered":"<p>Tom Volf : Un artiste au carrefour du cin\u00e9ma, du th\u00e9\u00e2tre et de l&rsquo;immersif R\u00e9alisateur, metteur en sc\u00e8ne et passionn\u00e9 d\u2019arts visuels, Tom Volf a su faire de ses cr\u00e9ations des \u0153uvres profond\u00e9ment marquantes, m\u00ealant cin\u00e9ma, th\u00e9\u00e2tre et exp\u00e9riences immersives. D\u00e8s ses premi\u00e8res ann\u00e9es au Th\u00e9\u00e2tre du Ch\u00e2telet \u00e0 Paris, il s\u2019est distingu\u00e9 par sa [&hellip;]<\/p>","protected":false},"author":1,"featured_media":0,"parent":0,"menu_order":0,"comment_status":"closed","ping_status":"closed","template":"","meta":{"_acf_changed":false,"footnotes":""},"class_list":["post-182","page","type-page","status-publish","hentry"],"acf":[],"_links":{"self":[{"href":"https:\/\/tomvolf.com\/en\/wp-json\/wp\/v2\/pages\/182","targetHints":{"allow":["GET"]}}],"collection":[{"href":"https:\/\/tomvolf.com\/en\/wp-json\/wp\/v2\/pages"}],"about":[{"href":"https:\/\/tomvolf.com\/en\/wp-json\/wp\/v2\/types\/page"}],"author":[{"embeddable":true,"href":"https:\/\/tomvolf.com\/en\/wp-json\/wp\/v2\/users\/1"}],"replies":[{"embeddable":true,"href":"https:\/\/tomvolf.com\/en\/wp-json\/wp\/v2\/comments?post=182"}],"version-history":[{"count":49,"href":"https:\/\/tomvolf.com\/en\/wp-json\/wp\/v2\/pages\/182\/revisions"}],"predecessor-version":[{"id":1057,"href":"https:\/\/tomvolf.com\/en\/wp-json\/wp\/v2\/pages\/182\/revisions\/1057"}],"wp:attachment":[{"href":"https:\/\/tomvolf.com\/en\/wp-json\/wp\/v2\/media?parent=182"}],"curies":[{"name":"wp","href":"https:\/\/api.w.org\/{rel}","templated":true}]}}